{"id":405,"date":"2021-06-01T07:59:26","date_gmt":"2021-06-01T05:59:26","guid":{"rendered":"https:\/\/karex.pl\/?page_id=405"},"modified":"2022-02-11T16:59:28","modified_gmt":"2022-02-11T15:59:28","slug":"road-construction","status":"publish","type":"page","link":"https:\/\/karex.pl\/en\/road-construction\/","title":{"rendered":"Road Construction"},"content":{"rendered":"\t\t<div data-elementor-type=\"wp-page\" data-elementor-id=\"405\" class=\"elementor elementor-405 elementor-21\" data-elementor-post-type=\"page\">\n\t\t\t\t\t\t<section class=\"elementor-section elementor-top-section elementor-element elementor-element-106c381 elementor-section-boxed elementor-section-height-default elementor-section-height-default\" data-id=\"106c381\" data-element_type=\"section\" data-e-type=\"section\">\n\t\t\t\t\t\t<div class=\"elementor-container elementor-column-gap-default\">\n\t\t\t\t\t<div class=\"elementor-column elementor-col-100 elementor-top-column elementor-element elementor-element-efefa69\" data-id=\"efefa69\" data-element_type=\"column\" data-e-type=\"column\">\n\t\t\t<div class=\"elementor-widget-wrap elementor-element-populated\">\n\t\t\t\t\t\t<div class=\"elementor-element elementor-element-2f02ed0 elementor-widget elementor-widget-heading\" data-id=\"2f02ed0\" data-element_type=\"widget\" data-e-type=\"widget\" data-widget_type=\"heading.default\">\n\t\t\t\t<div class=\"elementor-widget-container\">\n\t\t\t\t\t<h2 class=\"elementor-heading-title elementor-size-default\">Road engineering<\/h2>\t\t\t\t<\/div>\n\t\t\t\t<\/div>\n\t\t\t\t<div class=\"elementor-element elementor-element-15f903d elementor-widget elementor-widget-text-editor\" data-id=\"15f903d\" data-element_type=\"widget\" data-e-type=\"widget\" data-widget_type=\"text-editor.default\">\n\t\t\t\t<div class=\"elementor-widget-container\">\n\t\t\t\t\t\t\t\t\t<p>The main area of KAREX\u2019s activity is road construction. The company offers services in the field of construction of roads, sidewalks, car parks and squares, as well as road improvements.<\/p><p>The company carries out road works both within smaller and larger projects, depending on the needs of clients. For successful implementation, KAREX use professional equipment from the best construction equipment manufacturers. We also use high-class materials that have been tested many times and have proven durability and the best performance. A skilled team of professionals ensures quick and efficient execution of every order related to road construction. KAREX ensure timely implementation, preventing delays associated with financial losses. Many years in the road construction industry allowed us to thoroughly understand the requirements and needs of clients.<\/p><p>If you have any question regarding KAREX offer, please contact us by phone or e-mail. The company is distinguished by an individual approach to each customer, professional services and competitive prices. We encourage to familiarise yourself with the full offer of the company.<\/p>\t\t\t\t\t\t\t\t<\/div>\n\t\t\t\t<\/div>\n\t\t\t\t\t<\/div>\n\t\t<\/div>\n\t\t\t\t\t<\/div>\n\t\t<\/section>\n\t\t\t\t<section class=\"elementor-section elementor-top-section elementor-element elementor-element-8542842 elementor-section-boxed elementor-section-height-default elementor-section-height-default\" data-id=\"8542842\" data-element_type=\"section\" data-e-type=\"section\">\n\t\t\t\t\t\t<div class=\"elementor-container elementor-column-gap-default\">\n\t\t\t\t\t<div class=\"elementor-column elementor-col-100 elementor-top-column elementor-element elementor-element-ad847e7\" data-id=\"ad847e7\" data-element_type=\"column\" data-e-type=\"column\">\n\t\t\t<div class=\"elementor-widget-wrap elementor-element-populated\">\n\t\t\t\t\t\t<div class=\"elementor-element elementor-element-f7371f4 elementor-widget elementor-widget-heading\" data-id=\"f7371f4\" data-element_type=\"widget\" data-e-type=\"widget\" data-widget_type=\"heading.default\">\n\t\t\t\t<div class=\"elementor-widget-container\">\n\t\t\t\t\t<h2 class=\"elementor-heading-title elementor-size-default\">Other road construction activities<\/h2>\t\t\t\t<\/div>\n\t\t\t\t<\/div>\n\t\t\t\t<div class=\"elementor-element elementor-element-6d703ec elementor-widget elementor-widget-text-editor\" data-id=\"6d703ec\" data-element_type=\"widget\" data-e-type=\"widget\" data-widget_type=\"text-editor.default\">\n\t\t\t\t<div class=\"elementor-widget-container\">\n\t\t\t\t\t\t\t\t\t<p>As part of road construction and maintenance, we also perform:<\/p>\t\t\t\t\t\t\t\t<\/div>\n\t\t\t\t<\/div>\n\t\t\t\t\t<\/div>\n\t\t<\/div>\n\t\t\t\t\t<\/div>\n\t\t<\/section>\n\t\t\t\t<section class=\"elementor-section elementor-top-section elementor-element elementor-element-07d023f elementor-section-boxed elementor-section-height-default elementor-section-height-default\" data-id=\"07d023f\" data-element_type=\"section\" data-e-type=\"section\">\n\t\t\t\t\t\t<div class=\"elementor-container elementor-column-gap-default\">\n\t\t\t\t\t<div class=\"elementor-column elementor-col-50 elementor-top-column elementor-element elementor-element-7f71bad\" data-id=\"7f71bad\" data-element_type=\"column\" data-e-type=\"column\">\n\t\t\t<div class=\"elementor-widget-wrap elementor-element-populated\">\n\t\t\t\t\t\t<div class=\"elementor-element elementor-element-06ab29e elementor-widget elementor-widget-text-editor\" data-id=\"06ab29e\" data-element_type=\"widget\" data-e-type=\"widget\" data-widget_type=\"text-editor.default\">\n\t\t\t\t<div class=\"elementor-widget-container\">\n\t\t\t\t\t\t\t\t\t<h3><b>Spray application of asphalt emulsion\u00a0\u00a0<\/b><\/h3><p>As a manufacturer of asphalt emulsions, KAREX offer comprehensive application of asphalt emulsion.<\/p><p>We have emulsion sprayers with tank capacity from 8 to 10 tons. They are equipped with a computer system for controlling the emulsion output per square meter. The accuracy of spraying is 0.01kg\/m<sup>2<\/sup>. After the work is completed, the operator can print a report on the work performed. It contains information about the sprayed area and the amount of emulsion per square meter.<\/p><p><strong>Recently, we sprayed the following road construction sites:<\/strong><\/p><ul><li>Ostr\u00f3w Wielkopolski bypass for Budimex<\/li><li>S3 Gorz\u00f3w-Szczecin expressway for Berger Bau<\/li><li>Ole\u015bnica bypass for Budimex<\/li><li>A2 motorway for Budimex<\/li><li>A1 motorway for Aprivia sp z o.o. and SRB Civil Engineering LTD<\/li><li>S5 expressway \u2013 Rawicz and Bojanow bypass for ALPINE Bau GmbH<\/li><li>and many others<\/li><\/ul>\t\t\t\t\t\t\t\t<\/div>\n\t\t\t\t<\/div>\n\t\t\t\t\t<\/div>\n\t\t<\/div>\n\t\t\t\t<div class=\"elementor-column elementor-col-50 elementor-top-column elementor-element elementor-element-8e51e1e\" data-id=\"8e51e1e\" data-element_type=\"column\" data-e-type=\"column\">\n\t\t\t<div class=\"elementor-widget-wrap elementor-element-populated\">\n\t\t\t\t\t\t<div class=\"elementor-element elementor-element-9e43b82 elementor-widget elementor-widget-image\" data-id=\"9e43b82\" data-element_type=\"widget\" data-e-type=\"widget\" data-widget_type=\"image.default\">\n\t\t\t\t<div class=\"elementor-widget-container\">\n\t\t\t\t\t\t\t\t\t\t\t\t\t\t\t\t<a href=\"https:\/\/karex.pl\/wp-content\/uploads\/2021\/07\/SG-emulsje-asfaltowe.jpeg\" data-elementor-open-lightbox=\"yes\" data-elementor-lightbox-title=\"Emulsje asfaltowe\" data-e-action-hash=\"#elementor-action%3Aaction%3Dlightbox%26settings%3DeyJpZCI6MzgzLCJ1cmwiOiJodHRwczpcL1wva2FyZXgucGxcL3dwLWNvbnRlbnRcL3VwbG9hZHNcLzIwMjFcLzA3XC9TRy1lbXVsc2plLWFzZmFsdG93ZS5qcGVnIn0%3D\">\n\t\t\t\t\t\t\t<img fetchpriority=\"high\" decoding=\"async\" width=\"1024\" height=\"768\" src=\"https:\/\/karex.pl\/wp-content\/uploads\/2021\/07\/SG-emulsje-asfaltowe-1024x768.jpeg\" class=\"attachment-large size-large wp-image-383\" alt=\"\" srcset=\"https:\/\/karex.pl\/wp-content\/uploads\/2021\/07\/SG-emulsje-asfaltowe-1024x768.jpeg 1024w, https:\/\/karex.pl\/wp-content\/uploads\/2021\/07\/SG-emulsje-asfaltowe-300x225.jpeg 300w, https:\/\/karex.pl\/wp-content\/uploads\/2021\/07\/SG-emulsje-asfaltowe-768x576.jpeg 768w, https:\/\/karex.pl\/wp-content\/uploads\/2021\/07\/SG-emulsje-asfaltowe-1536x1152.jpeg 1536w, https:\/\/karex.pl\/wp-content\/uploads\/2021\/07\/SG-emulsje-asfaltowe.jpeg 1920w\" sizes=\"(max-width: 1024px) 100vw, 1024px\" title=\"\">\t\t\t\t\t\t\t\t<\/a>\n\t\t\t\t\t\t\t\t\t\t\t\t\t\t\t<\/div>\n\t\t\t\t<\/div>\n\t\t\t\t\t<\/div>\n\t\t<\/div>\n\t\t\t\t\t<\/div>\n\t\t<\/section>\n\t\t\t\t<section class=\"elementor-section elementor-top-section elementor-element elementor-element-9f1f75f elementor-section-boxed elementor-section-height-default elementor-section-height-default\" data-id=\"9f1f75f\" data-element_type=\"section\" data-e-type=\"section\">\n\t\t\t\t\t\t<div class=\"elementor-container elementor-column-gap-default\">\n\t\t\t\t\t<div class=\"elementor-column elementor-col-50 elementor-top-column elementor-element elementor-element-77cda02\" data-id=\"77cda02\" data-element_type=\"column\" data-e-type=\"column\">\n\t\t\t<div class=\"elementor-widget-wrap elementor-element-populated\">\n\t\t\t\t\t\t<div class=\"elementor-element elementor-element-a8a7cf3 elementor-widget elementor-widget-image\" data-id=\"a8a7cf3\" data-element_type=\"widget\" data-e-type=\"widget\" data-widget_type=\"image.default\">\n\t\t\t\t<div class=\"elementor-widget-container\">\n\t\t\t\t\t\t\t\t\t\t\t\t\t\t\t\t<a href=\"https:\/\/karex.pl\/wp-content\/uploads\/2021\/07\/RD-smarowanie-2.jpeg\" data-elementor-open-lightbox=\"yes\" data-elementor-lightbox-title=\"Wykonywanie poboczy z kamienia i poszerze\u0144 z masy na gor\u0105co\" data-e-action-hash=\"#elementor-action%3Aaction%3Dlightbox%26settings%3DeyJpZCI6MzgyLCJ1cmwiOiJodHRwczpcL1wva2FyZXgucGxcL3dwLWNvbnRlbnRcL3VwbG9hZHNcLzIwMjFcLzA3XC9SRC1zbWFyb3dhbmllLTIuanBlZyJ9\">\n\t\t\t\t\t\t\t<img decoding=\"async\" width=\"1024\" height=\"768\" src=\"https:\/\/karex.pl\/wp-content\/uploads\/2021\/07\/RD-smarowanie-2-1024x768.jpeg\" class=\"attachment-large size-large wp-image-382\" alt=\"\" srcset=\"https:\/\/karex.pl\/wp-content\/uploads\/2021\/07\/RD-smarowanie-2-1024x768.jpeg 1024w, https:\/\/karex.pl\/wp-content\/uploads\/2021\/07\/RD-smarowanie-2-300x225.jpeg 300w, https:\/\/karex.pl\/wp-content\/uploads\/2021\/07\/RD-smarowanie-2-768x576.jpeg 768w, https:\/\/karex.pl\/wp-content\/uploads\/2021\/07\/RD-smarowanie-2-1536x1152.jpeg 1536w, https:\/\/karex.pl\/wp-content\/uploads\/2021\/07\/RD-smarowanie-2.jpeg 1920w\" sizes=\"(max-width: 1024px) 100vw, 1024px\" title=\"\">\t\t\t\t\t\t\t\t<\/a>\n\t\t\t\t\t\t\t\t\t\t\t\t\t\t\t<\/div>\n\t\t\t\t<\/div>\n\t\t\t\t\t<\/div>\n\t\t<\/div>\n\t\t\t\t<div class=\"elementor-column elementor-col-50 elementor-top-column elementor-element elementor-element-a393828\" data-id=\"a393828\" data-element_type=\"column\" data-e-type=\"column\">\n\t\t\t<div class=\"elementor-widget-wrap elementor-element-populated\">\n\t\t\t\t\t\t<div class=\"elementor-element elementor-element-96b1a4f elementor-widget elementor-widget-text-editor\" data-id=\"96b1a4f\" data-element_type=\"widget\" data-e-type=\"widget\" data-widget_type=\"text-editor.default\">\n\t\t\t\t<div class=\"elementor-widget-container\">\n\t\t\t\t\t\t\t\t\t<h3><strong>Asphalt sealcoat edging, road verge construction and hot mix widenings<\/strong><\/h3><ul><li>Asphalt sealcoat edging is performed by using the Strassmaier RWK 600\/500 with a capacity of about 5km per day.<\/li><li>Verge construction and hot mix widenings are performed by using a Hydrog equipment.<\/li><\/ul>\t\t\t\t\t\t\t\t<\/div>\n\t\t\t\t<\/div>\n\t\t\t\t\t<\/div>\n\t\t<\/div>\n\t\t\t\t\t<\/div>\n\t\t<\/section>\n\t\t\t\t<section class=\"elementor-section elementor-top-section elementor-element elementor-element-e645d99 elementor-section-boxed elementor-section-height-default elementor-section-height-default\" data-id=\"e645d99\" data-element_type=\"section\" data-e-type=\"section\">\n\t\t\t\t\t\t<div class=\"elementor-container elementor-column-gap-default\">\n\t\t\t\t\t<div class=\"elementor-column elementor-col-50 elementor-top-column elementor-element elementor-element-9424b0c\" data-id=\"9424b0c\" data-element_type=\"column\" data-e-type=\"column\">\n\t\t\t<div class=\"elementor-widget-wrap elementor-element-populated\">\n\t\t\t\t\t\t<div class=\"elementor-element elementor-element-83c843e elementor-widget elementor-widget-text-editor\" data-id=\"83c843e\" data-element_type=\"widget\" data-e-type=\"widget\" data-widget_type=\"text-editor.default\">\n\t\t\t\t<div class=\"elementor-widget-container\">\n\t\t\t\t\t\t\t\t\t<h3><b>Road repairs with asphalt emulsion and basalt grits<\/b><\/h3><ul><li>Chip seal \u2013 surface treatment designed to protect and extent the lifespan of pavements. Can be used to protect new surfaces, to improve surface macrotexture and to prolong the lifespan of existing pavements<\/li><li>Pothole filling with asphalt emulsion and aggregate (basalt grits) using Asphalt Pothole Patcher<\/li><\/ul>\t\t\t\t\t\t\t\t<\/div>\n\t\t\t\t<\/div>\n\t\t\t\t\t<\/div>\n\t\t<\/div>\n\t\t\t\t<div class=\"elementor-column elementor-col-50 elementor-top-column elementor-element elementor-element-378661c\" data-id=\"378661c\" data-element_type=\"column\" data-e-type=\"column\">\n\t\t\t<div class=\"elementor-widget-wrap elementor-element-populated\">\n\t\t\t\t\t\t<div class=\"elementor-element elementor-element-44cd3c6 elementor-widget elementor-widget-image\" data-id=\"44cd3c6\" data-element_type=\"widget\" data-e-type=\"widget\" data-widget_type=\"image.default\">\n\t\t\t\t<div class=\"elementor-widget-container\">\n\t\t\t\t\t\t\t\t\t\t\t\t\t\t\t\t<a href=\"https:\/\/karex.pl\/wp-content\/uploads\/2021\/07\/RD-remonty-2.jpeg\" data-elementor-open-lightbox=\"yes\" data-elementor-lightbox-title=\"Remonty dr\u00f3g emulsj\u0105 asfaltow\u0105 i grysami bazaltowymi\" data-e-action-hash=\"#elementor-action%3Aaction%3Dlightbox%26settings%3DeyJpZCI6Mzc5LCJ1cmwiOiJodHRwczpcL1wva2FyZXgucGxcL3dwLWNvbnRlbnRcL3VwbG9hZHNcLzIwMjFcLzA3XC9SRC1yZW1vbnR5LTIuanBlZyJ9\">\n\t\t\t\t\t\t\t<img decoding=\"async\" width=\"1024\" height=\"768\" src=\"https:\/\/karex.pl\/wp-content\/uploads\/2021\/07\/RD-remonty-2-1024x768.jpeg\" class=\"attachment-large size-large wp-image-379\" alt=\"\" srcset=\"https:\/\/karex.pl\/wp-content\/uploads\/2021\/07\/RD-remonty-2-1024x768.jpeg 1024w, https:\/\/karex.pl\/wp-content\/uploads\/2021\/07\/RD-remonty-2-300x225.jpeg 300w, https:\/\/karex.pl\/wp-content\/uploads\/2021\/07\/RD-remonty-2-768x576.jpeg 768w, https:\/\/karex.pl\/wp-content\/uploads\/2021\/07\/RD-remonty-2-1536x1152.jpeg 1536w, https:\/\/karex.pl\/wp-content\/uploads\/2021\/07\/RD-remonty-2.jpeg 1920w\" sizes=\"(max-width: 1024px) 100vw, 1024px\" title=\"\">\t\t\t\t\t\t\t\t<\/a>\n\t\t\t\t\t\t\t\t\t\t\t\t\t\t\t<\/div>\n\t\t\t\t<\/div>\n\t\t\t\t\t<\/div>\n\t\t<\/div>\n\t\t\t\t\t<\/div>\n\t\t<\/section>\n\t\t\t\t<section class=\"elementor-section elementor-top-section elementor-element elementor-element-654e641 elementor-section-boxed elementor-section-height-default elementor-section-height-default\" data-id=\"654e641\" data-element_type=\"section\" data-e-type=\"section\">\n\t\t\t\t\t\t<div class=\"elementor-container elementor-column-gap-default\">\n\t\t\t\t\t<div class=\"elementor-column elementor-col-50 elementor-top-column elementor-element elementor-element-a025eb6\" data-id=\"a025eb6\" data-element_type=\"column\" data-e-type=\"column\">\n\t\t\t<div class=\"elementor-widget-wrap elementor-element-populated\">\n\t\t\t\t\t\t<div class=\"elementor-element elementor-element-46dde20 elementor-widget elementor-widget-image\" data-id=\"46dde20\" data-element_type=\"widget\" data-e-type=\"widget\" data-widget_type=\"image.default\">\n\t\t\t\t<div class=\"elementor-widget-container\">\n\t\t\t\t\t\t\t\t\t\t\t\t\t\t\t\t<a href=\"https:\/\/karex.pl\/wp-content\/uploads\/2021\/07\/RD-pozostala-dzialalnosci.jpg\" data-elementor-open-lightbox=\"yes\" data-elementor-lightbox-title=\"Us\u0142ugi transportowe i sprz\u0119towe\" data-e-action-hash=\"#elementor-action%3Aaction%3Dlightbox%26settings%3DeyJpZCI6Mzc4LCJ1cmwiOiJodHRwczpcL1wva2FyZXgucGxcL3dwLWNvbnRlbnRcL3VwbG9hZHNcLzIwMjFcLzA3XC9SRC1wb3pvc3RhbGEtZHppYWxhbG5vc2NpLmpwZyJ9\">\n\t\t\t\t\t\t\t<img loading=\"lazy\" decoding=\"async\" width=\"1024\" height=\"680\" src=\"https:\/\/karex.pl\/wp-content\/uploads\/2021\/07\/RD-pozostala-dzialalnosci-1024x680.jpg\" class=\"attachment-large size-large wp-image-378\" alt=\"\" srcset=\"https:\/\/karex.pl\/wp-content\/uploads\/2021\/07\/RD-pozostala-dzialalnosci-1024x680.jpg 1024w, https:\/\/karex.pl\/wp-content\/uploads\/2021\/07\/RD-pozostala-dzialalnosci-300x199.jpg 300w, https:\/\/karex.pl\/wp-content\/uploads\/2021\/07\/RD-pozostala-dzialalnosci-768x510.jpg 768w, https:\/\/karex.pl\/wp-content\/uploads\/2021\/07\/RD-pozostala-dzialalnosci-1536x1020.jpg 1536w, https:\/\/karex.pl\/wp-content\/uploads\/2021\/07\/RD-pozostala-dzialalnosci.jpg 1920w\" sizes=\"(max-width: 1024px) 100vw, 1024px\" title=\"\">\t\t\t\t\t\t\t\t<\/a>\n\t\t\t\t\t\t\t\t\t\t\t\t\t\t\t<\/div>\n\t\t\t\t<\/div>\n\t\t\t\t\t<\/div>\n\t\t<\/div>\n\t\t\t\t<div class=\"elementor-column elementor-col-50 elementor-top-column elementor-element elementor-element-e49dcfc\" data-id=\"e49dcfc\" data-element_type=\"column\" data-e-type=\"column\">\n\t\t\t<div class=\"elementor-widget-wrap elementor-element-populated\">\n\t\t\t\t\t\t<div class=\"elementor-element elementor-element-a3674ec elementor-widget elementor-widget-text-editor\" data-id=\"a3674ec\" data-element_type=\"widget\" data-e-type=\"widget\" data-widget_type=\"text-editor.default\">\n\t\t\t\t<div class=\"elementor-widget-container\">\n\t\t\t\t\t\t\t\t\t<h3><b>Other services<\/b><\/h3><ul><li>Transport and construction equipment service<\/li><li>Exploitation of natural aggregate deposit<\/li><li>Waste processing<\/li><\/ul>\t\t\t\t\t\t\t\t<\/div>\n\t\t\t\t<\/div>\n\t\t\t\t\t<\/div>\n\t\t<\/div>\n\t\t\t\t\t<\/div>\n\t\t<\/section>\n\t\t\t\t<\/div>\n\t\t","protected":false},"excerpt":{"rendered":"<p>Road engineering The main area of KAREX\u2019s activity is road construction. The company offers services in the field of construction of roads, sidewalks, car parks and squares, as well as road improvements. The company carries out road works both within smaller and larger projects, depending on the needs of clients. For successful implementation, KAREX use [&hellip;]<\/p>\n","protected":false},"author":1,"featured_media":0,"parent":0,"menu_order":0,"comment_status":"closed","ping_status":"closed","template":"","meta":{"site-sidebar-layout":"no-sidebar","site-content-layout":"page-builder","ast-site-content-layout":"default","site-content-style":"default","site-sidebar-style":"default","ast-global-header-display":"","ast-banner-title-visibility":"","ast-main-header-display":"","ast-hfb-above-header-display":"","ast-hfb-below-header-display":"","ast-hfb-mobile-header-display":"","site-post-title":"disabled","ast-breadcrumbs-content":"","ast-featured-img":"disabled","footer-sml-layout":"","ast-disable-related-posts":"","theme-transparent-header-meta":"default","adv-header-id-meta":"","stick-header-meta":"default","header-above-stick-meta":"","header-main-stick-meta":"","header-below-stick-meta":"","astra-migrate-meta-layouts":"default","ast-page-background-enabled":"default","ast-page-background-meta":{"desktop":{"background-color":"","background-image":"","background-repeat":"repeat","background-position":"center center","background-size":"auto","background-attachment":"scroll","background-type":"","background-media":"","overlay-type":"","overlay-color":"","overlay-opacity":"","overlay-gradient":""},"tablet":{"background-color":"","background-image":"","background-repeat":"repeat","background-position":"center center","background-size":"auto","background-attachment":"scroll","background-type":"","background-media":"","overlay-type":"","overlay-color":"","overlay-opacity":"","overlay-gradient":""},"mobile":{"background-color":"","background-image":"","background-repeat":"repeat","background-position":"center center","background-size":"auto","background-attachment":"scroll","background-type":"","background-media":"","overlay-type":"","overlay-color":"","overlay-opacity":"","overlay-gradient":""}},"ast-content-background-meta":{"desktop":{"background-color":"var(--ast-global-color-5)","background-image":"","background-repeat":"repeat","background-position":"center center","background-size":"auto","background-attachment":"scroll","background-type":"","background-media":"","overlay-type":"","overlay-color":"","overlay-opacity":"","overlay-gradient":""},"tablet":{"background-color":"var(--ast-global-color-5)","background-image":"","background-repeat":"repeat","background-position":"center center","background-size":"auto","background-attachment":"scroll","background-type":"","background-media":"","overlay-type":"","overlay-color":"","overlay-opacity":"","overlay-gradient":""},"mobile":{"background-color":"var(--ast-global-color-5)","background-image":"","background-repeat":"repeat","background-position":"center center","background-size":"auto","background-attachment":"scroll","background-type":"","background-media":"","overlay-type":"","overlay-color":"","overlay-opacity":"","overlay-gradient":""}},"footnotes":""},"class_list":["post-405","page","type-page","status-publish","hentry"],"_links":{"self":[{"href":"https:\/\/karex.pl\/en\/wp-json\/wp\/v2\/pages\/405","targetHints":{"allow":["GET"]}}],"collection":[{"href":"https:\/\/karex.pl\/en\/wp-json\/wp\/v2\/pages"}],"about":[{"href":"https:\/\/karex.pl\/en\/wp-json\/wp\/v2\/types\/page"}],"author":[{"embeddable":true,"href":"https:\/\/karex.pl\/en\/wp-json\/wp\/v2\/users\/1"}],"replies":[{"embeddable":true,"href":"https:\/\/karex.pl\/en\/wp-json\/wp\/v2\/comments?post=405"}],"version-history":[{"count":8,"href":"https:\/\/karex.pl\/en\/wp-json\/wp\/v2\/pages\/405\/revisions"}],"predecessor-version":[{"id":479,"href":"https:\/\/karex.pl\/en\/wp-json\/wp\/v2\/pages\/405\/revisions\/479"}],"wp:attachment":[{"href":"https:\/\/karex.pl\/en\/wp-json\/wp\/v2\/media?parent=405"}],"curies":[{"name":"wp","href":"https:\/\/api.w.org\/{rel}","templated":true}]}}